{"id":12,"date":"2021-09-29T07:11:08","date_gmt":"2021-09-29T07:11:08","guid":{"rendered":"https:\/\/jana-urbanus.de\/?page_id=12"},"modified":"2021-10-15T18:40:19","modified_gmt":"2021-10-15T18:40:19","slug":"ueber-mich","status":"publish","type":"page","link":"https:\/\/jana-urbanus.de\/?page_id=12","title":{"rendered":"\u00dcber mich"},"content":{"rendered":"\t\t<div data-elementor-type=\"wp-page\" data-elementor-id=\"12\" class=\"elementor elementor-12\">\n\t\t\t\t\t\t<section class=\"elementor-section elementor-top-section elementor-element elementor-element-7bc65947 elementor-section-height-min-height elementor-section-content-top elementor-section-items-stretch elementor-reverse-mobile elementor-section-boxed elementor-section-height-default\" data-id=\"7bc65947\" data-element_type=\"section\" data-e-type=\"section\">\n\t\t\t\t\t\t\t<div class=\"elementor-background-overlay\"><\/div>\n\t\t\t\t\t\t\t<div class=\"elementor-container elementor-column-gap-default\">\n\t\t\t\t\t<div class=\"elementor-column elementor-col-50 elementor-top-column elementor-element elementor-element-2d9072dd\" data-id=\"2d9072dd\" data-element_type=\"column\" data-e-type=\"column\">\n\t\t\t<div class=\"elementor-widget-wrap elementor-element-populated\">\n\t\t\t\t\t\t<div class=\"elementor-element elementor-element-6471471d elementor-widget elementor-widget-heading\" data-id=\"6471471d\" data-element_type=\"widget\" data-e-type=\"widget\" data-widget_type=\"heading.default\">\n\t\t\t\t<div class=\"elementor-widget-container\">\n\t\t\t\t\t<h2 class=\"elementor-heading-title elementor-size-default\">\u00dcber mich<\/h2>\t\t\t\t<\/div>\n\t\t\t\t<\/div>\n\t\t\t\t<div class=\"elementor-element elementor-element-24bf922f elementor-widget elementor-widget-text-editor\" data-id=\"24bf922f\" data-element_type=\"widget\" data-e-type=\"widget\" data-widget_type=\"text-editor.default\">\n\t\t\t\t<div class=\"elementor-widget-container\">\n\t\t\t\t\t\t\t\t\t<p>Ich bin Jana, bin in meinen Zwanzigern und studiere in Stuttgart. Die Musik begleitet mich schon seit meiner fr\u00fchen Kindheit. Seit meinem zw\u00f6lften Lebensjahr nehme ich Gesangsunterricht und versuche mich stetig musikalisch weiterzubilden. Im Alter von 13 Jahren durfte ich meine erste Hochzeit begleiten, und seit dem Alter von 15 Jahren begleite ich Saison f\u00fcr Saison wundersch\u00f6ne Eheschlie\u00dfungen, Geburtstage und Taufen.\u00a0<\/p><p>Ich bin ein sehr offener, herzlicher und emotionaler Mensch und liebe es Hochzeiten mit meinem Gesang zu untermalen, und die besonderen Momente im Leben noch ein bisschen zu versch\u00f6nern. Ich liebe es diesen Momenten beiwohnen zu d\u00fcrfen, freue, lache und weine mit. Durch meine fast 10-j\u00e4hrige Erfahrung als Hochzeitss\u00e4ngerin habe ich mir eine professionelle Arbeitsweise angeeignet, bei der trotzdem jede Trauung etwas Besonders bleibt.\u00a0<\/p><p>Neben der Musik interessiere ich mich unter anderem sehr f\u00fcr Literatur, Nachhaltigkeit und kreative Projekte. Aus diesem Grund habe ich meinen Etsy &#8211; Shop &#8222;filigrart&#8220; ins Leben gerufen, in dem ich handgefertigte, filigrane Papeterie f\u00fcr Hochzeiten und Feiern anbiete.<\/p>\t\t\t\t\t\t\t\t<\/div>\n\t\t\t\t<\/div>\n\t\t\t\t\t<\/div>\n\t\t<\/div>\n\t\t\t\t<div class=\"elementor-column elementor-col-50 elementor-top-column elementor-element elementor-element-218d50af\" data-id=\"218d50af\" data-element_type=\"column\" data-e-type=\"column\">\n\t\t\t<div class=\"elementor-widget-wrap elementor-element-populated\">\n\t\t\t\t\t\t<div class=\"elementor-element elementor-element-71a9f6cf elementor-widget elementor-widget-image\" data-id=\"71a9f6cf\" data-element_type=\"widget\" data-e-type=\"widget\" data-widget_type=\"image.default\">\n\t\t\t\t<div class=\"elementor-widget-container\">\n\t\t\t\t\t\t\t\t\t\t\t\t\t\t\t<img decoding=\"async\" src=\"https:\/\/jana-urbanus.de\/wp-content\/uploads\/elementor\/thumbs\/WhatsApp-Image-2021-09-29-at-11.23.23-pdtox43bniv91fgh8xz82j5fk31r7n6ac5pumdcsig.jpeg\" title=\"WhatsApp Image 2021-09-29 at 11.23.23\" alt=\"WhatsApp Image 2021-09-29 at 11.23.23\" loading=\"lazy\" \/>\t\t\t\t\t\t\t\t\t\t\t\t\t\t\t<\/div>\n\t\t\t\t<\/div>\n\t\t\t\t\t<\/div>\n\t\t<\/div>\n\t\t\t\t\t<\/div>\n\t\t<\/section>\n\t\t\t\t<section class=\"elementor-section elementor-top-section elementor-element elementor-element-16430f8 elementor-section-boxed elementor-section-height-default elementor-section-height-default\" data-id=\"16430f8\" data-element_type=\"section\" data-e-type=\"section\">\n\t\t\t\t\t\t<div class=\"elementor-container elementor-column-gap-default\">\n\t\t\t\t\t<div class=\"elementor-column elementor-col-100 elementor-top-column elementor-element elementor-element-0fe6548\" data-id=\"0fe6548\" data-element_type=\"column\" data-e-type=\"column\">\n\t\t\t<div class=\"elementor-widget-wrap\">\n\t\t\t\t\t\t\t<\/div>\n\t\t<\/div>\n\t\t\t\t\t<\/div>\n\t\t<\/section>\n\t\t\t\t<section class=\"elementor-section elementor-top-section elementor-element elementor-element-37be9e5 elementor-section-boxed elementor-section-height-default elementor-section-height-default\" data-id=\"37be9e5\" data-element_type=\"section\" data-e-type=\"section\">\n\t\t\t\t\t\t<div class=\"elementor-container elementor-column-gap-default\">\n\t\t\t\t\t<div class=\"elementor-column elementor-col-100 elementor-top-column elementor-element elementor-element-b3e28d1\" data-id=\"b3e28d1\" data-element_type=\"column\" data-e-type=\"column\">\n\t\t\t<div class=\"elementor-widget-wrap elementor-element-populated\">\n\t\t\t\t\t\t<div class=\"elementor-element elementor-element-f59180e elementor-shape-rounded elementor-grid-0 e-grid-align-center elementor-widget elementor-widget-social-icons\" data-id=\"f59180e\" data-element_type=\"widget\" data-e-type=\"widget\" data-widget_type=\"social-icons.default\">\n\t\t\t\t<div class=\"elementor-widget-container\">\n\t\t\t\t\t\t\t<div class=\"elementor-social-icons-wrapper elementor-grid\" role=\"list\">\n\t\t\t\t\t\t\t<span class=\"elementor-grid-item\" role=\"listitem\">\n\t\t\t\t\t<a class=\"elementor-icon elementor-social-icon elementor-social-icon-facebook elementor-repeater-item-16a128a\" href=\"https:\/\/www.facebook.com\/watch\/Hochzeitssaengerin.Jana\/\" target=\"_blank\">\n\t\t\t\t\t\t<span class=\"elementor-screen-only\">Facebook<\/span>\n\t\t\t\t\t\t<i aria-hidden=\"true\" class=\"fab fa-facebook\"><\/i>\t\t\t\t\t<\/a>\n\t\t\t\t<\/span>\n\t\t\t\t\t\t\t<span class=\"elementor-grid-item\" role=\"listitem\">\n\t\t\t\t\t<a class=\"elementor-icon elementor-social-icon elementor-social-icon-youtube elementor-repeater-item-5d17379\" href=\"https:\/\/www.youtube.com\/channel\/UCyMpm3cS-G__NZnPy0WBqFQ\" target=\"_blank\">\n\t\t\t\t\t\t<span class=\"elementor-screen-only\">Youtube<\/span>\n\t\t\t\t\t\t<i aria-hidden=\"true\" class=\"fab fa-youtube\"><\/i>\t\t\t\t\t<\/a>\n\t\t\t\t<\/span>\n\t\t\t\t\t\t\t<span class=\"elementor-grid-item\" role=\"listitem\">\n\t\t\t\t\t<a class=\"elementor-icon elementor-social-icon elementor-social-icon-instagram elementor-repeater-item-54bd0a6\" href=\"https:\/\/www.instagram.com\/jana.urbanus\/\" target=\"_blank\">\n\t\t\t\t\t\t<span class=\"elementor-screen-only\">Instagram<\/span>\n\t\t\t\t\t\t<i aria-hidden=\"true\" class=\"fab fa-instagram\"><\/i>\t\t\t\t\t<\/a>\n\t\t\t\t<\/span>\n\t\t\t\t\t\t\t<span class=\"elementor-grid-item\" role=\"listitem\">\n\t\t\t\t\t<a class=\"elementor-icon elementor-social-icon elementor-social-icon-etsy elementor-repeater-item-ab02328\" href=\"https:\/\/www.etsy.com\/de\/shop\/filigrart?ref=shop_sugg\" target=\"_blank\">\n\t\t\t\t\t\t<span class=\"elementor-screen-only\">Etsy<\/span>\n\t\t\t\t\t\t<i aria-hidden=\"true\" class=\"fab fa-etsy\"><\/i>\t\t\t\t\t<\/a>\n\t\t\t\t<\/span>\n\t\t\t\t\t<\/div>\n\t\t\t\t\t\t<\/div>\n\t\t\t\t<\/div>\n\t\t\t\t\t<\/div>\n\t\t<\/div>\n\t\t\t\t\t<\/div>\n\t\t<\/section>\n\t\t\t\t<\/div>\n\t\t","protected":false},"excerpt":{"rendered":"<p>\u00dcber mich Ich bin Jana, bin in meinen Zwanzigern und studiere in Stuttgart. Die Musik begleitet mich schon seit meiner fr\u00fchen Kindheit. Seit meinem zw\u00f6lften Lebensjahr nehme ich Gesangsunterricht und versuche mich stetig musikalisch weiterzubilden. Im Alter von 13 Jahren durfte ich meine erste Hochzeit begleiten, und seit dem Alter von 15 Jahren begleite ich [&hellip;]<\/p>\n","protected":false},"author":1,"featured_media":0,"parent":0,"menu_order":0,"comment_status":"closed","ping_status":"closed","template":"","meta":{"ocean_post_layout":"","ocean_both_sidebars_style":"","ocean_both_sidebars_content_width":0,"ocean_both_sidebars_sidebars_width":0,"ocean_sidebar":"0","ocean_second_sidebar":"0","ocean_disable_margins":"enable","ocean_add_body_class":"","ocean_shortcode_before_top_bar":"","ocean_shortcode_after_top_bar":"","ocean_shortcode_before_header":"","ocean_shortcode_after_header":"","ocean_has_shortcode":"","ocean_shortcode_after_title":"","ocean_shortcode_before_footer_widgets":"","ocean_shortcode_after_footer_widgets":"","ocean_shortcode_before_footer_bottom":"","ocean_shortcode_after_footer_bottom":"","ocean_display_top_bar":"default","ocean_display_header":"default","ocean_header_style":"","ocean_center_header_left_menu":"0","ocean_custom_header_template":"0","ocean_custom_logo":0,"ocean_custom_retina_logo":0,"ocean_custom_logo_max_width":0,"ocean_custom_logo_tablet_max_width":0,"ocean_custom_logo_mobile_max_width":0,"ocean_custom_logo_max_height":0,"ocean_custom_logo_tablet_max_height":0,"ocean_custom_logo_mobile_max_height":0,"ocean_header_custom_menu":"0","ocean_menu_typo_font_family":"0","ocean_menu_typo_font_subset":"","ocean_menu_typo_font_size":0,"ocean_menu_typo_font_size_tablet":0,"ocean_menu_typo_font_size_mobile":0,"ocean_menu_typo_font_size_unit":"px","ocean_menu_typo_font_weight":"","ocean_menu_typo_font_weight_tablet":"","ocean_menu_typo_font_weight_mobile":"","ocean_menu_typo_transform":"","ocean_menu_typo_transform_tablet":"","ocean_menu_typo_transform_mobile":"","ocean_menu_typo_line_height":0,"ocean_menu_typo_line_height_tablet":0,"ocean_menu_typo_line_height_mobile":0,"ocean_menu_typo_line_height_unit":"","ocean_menu_typo_spacing":0,"ocean_menu_typo_spacing_tablet":0,"ocean_menu_typo_spacing_mobile":0,"ocean_menu_typo_spacing_unit":"","ocean_menu_link_color":"","ocean_menu_link_color_hover":"","ocean_menu_link_color_active":"","ocean_menu_link_background":"","ocean_menu_link_hover_background":"","ocean_menu_link_active_background":"","ocean_menu_social_links_bg":"","ocean_menu_social_hover_links_bg":"","ocean_menu_social_links_color":"","ocean_menu_social_hover_links_color":"","ocean_disable_title":"on","ocean_disable_heading":"default","ocean_post_title":"","ocean_post_subheading":"","ocean_post_title_style":"","ocean_post_title_background_color":"","ocean_post_title_background":0,"ocean_post_title_bg_image_position":"","ocean_post_title_bg_image_attachment":"","ocean_post_title_bg_image_repeat":"","ocean_post_title_bg_image_size":"","ocean_post_title_height":0,"ocean_post_title_bg_overlay":0.5,"ocean_post_title_bg_overlay_color":"","ocean_disable_breadcrumbs":"default","ocean_breadcrumbs_color":"","ocean_breadcrumbs_separator_color":"","ocean_breadcrumbs_links_color":"","ocean_breadcrumbs_links_hover_color":"","ocean_display_footer_widgets":"off","ocean_display_footer_bottom":"default","ocean_custom_footer_template":"0","footnotes":""},"class_list":["post-12","page","type-page","status-publish","hentry","entry"],"yoast_head":"<!-- This site is optimized with the Yoast SEO plugin v27.3 - https:\/\/yoast.com\/product\/yoast-seo-wordpress\/ -->\n<title>\u00dcber mich - Jana Urbanus<\/title>\n<meta name=\"robots\" content=\"index, follow, max-snippet:-1, max-image-preview:large, max-video-preview:-1\" \/>\n<link rel=\"canonical\" href=\"https:\/\/jana-urbanus.de\/?page_id=12\" \/>\n<meta property=\"og:locale\" content=\"de_DE\" \/>\n<meta property=\"og:type\" content=\"article\" \/>\n<meta property=\"og:title\" content=\"\u00dcber mich - Jana Urbanus\" \/>\n<meta property=\"og:description\" content=\"\u00dcber mich Ich bin Jana, bin in meinen Zwanzigern und studiere in Stuttgart. Die Musik begleitet mich schon seit meiner fr\u00fchen Kindheit. Seit meinem zw\u00f6lften Lebensjahr nehme ich Gesangsunterricht und versuche mich stetig musikalisch weiterzubilden. Im Alter von 13 Jahren durfte ich meine erste Hochzeit begleiten, und seit dem Alter von 15 Jahren begleite ich [&hellip;]\" \/>\n<meta property=\"og:url\" content=\"https:\/\/jana-urbanus.de\/?page_id=12\" \/>\n<meta property=\"og:site_name\" content=\"Jana Urbanus\" \/>\n<meta property=\"article:modified_time\" content=\"2021-10-15T18:40:19+00:00\" \/>\n<meta property=\"og:image\" content=\"https:\/\/jana-urbanus.de\/wp-content\/uploads\/elementor\/thumbs\/WhatsApp-Image-2021-09-29-at-11.23.23-pdtox43bniv91fgh8xz82j5fk31r7n6ac5pumdcsig.jpeg\" \/>\n<meta name=\"twitter:card\" content=\"summary_large_image\" \/>\n<meta name=\"twitter:label1\" content=\"Gesch\u00e4tzte Lesezeit\" \/>\n\t<meta name=\"twitter:data1\" content=\"1\u00a0Minute\" \/>\n<script type=\"application\/ld+json\" class=\"yoast-schema-graph\">{\"@context\":\"https:\\\/\\\/schema.org\",\"@graph\":[{\"@type\":\"WebPage\",\"@id\":\"https:\\\/\\\/jana-urbanus.de\\\/?page_id=12\",\"url\":\"https:\\\/\\\/jana-urbanus.de\\\/?page_id=12\",\"name\":\"\u00dcber mich - Jana Urbanus\",\"isPartOf\":{\"@id\":\"https:\\\/\\\/jana-urbanus.de\\\/#website\"},\"primaryImageOfPage\":{\"@id\":\"https:\\\/\\\/jana-urbanus.de\\\/?page_id=12#primaryimage\"},\"image\":{\"@id\":\"https:\\\/\\\/jana-urbanus.de\\\/?page_id=12#primaryimage\"},\"thumbnailUrl\":\"https:\\\/\\\/jana-urbanus.de\\\/wp-content\\\/uploads\\\/elementor\\\/thumbs\\\/WhatsApp-Image-2021-09-29-at-11.23.23-pdtox43bniv91fgh8xz82j5fk31r7n6ac5pumdcsig.jpeg\",\"datePublished\":\"2021-09-29T07:11:08+00:00\",\"dateModified\":\"2021-10-15T18:40:19+00:00\",\"breadcrumb\":{\"@id\":\"https:\\\/\\\/jana-urbanus.de\\\/?page_id=12#breadcrumb\"},\"inLanguage\":\"de\",\"potentialAction\":[{\"@type\":\"ReadAction\",\"target\":[\"https:\\\/\\\/jana-urbanus.de\\\/?page_id=12\"]}]},{\"@type\":\"ImageObject\",\"inLanguage\":\"de\",\"@id\":\"https:\\\/\\\/jana-urbanus.de\\\/?page_id=12#primaryimage\",\"url\":\"https:\\\/\\\/jana-urbanus.de\\\/wp-content\\\/uploads\\\/elementor\\\/thumbs\\\/WhatsApp-Image-2021-09-29-at-11.23.23-pdtox43bniv91fgh8xz82j5fk31r7n6ac5pumdcsig.jpeg\",\"contentUrl\":\"https:\\\/\\\/jana-urbanus.de\\\/wp-content\\\/uploads\\\/elementor\\\/thumbs\\\/WhatsApp-Image-2021-09-29-at-11.23.23-pdtox43bniv91fgh8xz82j5fk31r7n6ac5pumdcsig.jpeg\"},{\"@type\":\"BreadcrumbList\",\"@id\":\"https:\\\/\\\/jana-urbanus.de\\\/?page_id=12#breadcrumb\",\"itemListElement\":[{\"@type\":\"ListItem\",\"position\":1,\"name\":\"Startseite\",\"item\":\"https:\\\/\\\/jana-urbanus.de\\\/\"},{\"@type\":\"ListItem\",\"position\":2,\"name\":\"\u00dcber mich\"}]},{\"@type\":\"WebSite\",\"@id\":\"https:\\\/\\\/jana-urbanus.de\\\/#website\",\"url\":\"https:\\\/\\\/jana-urbanus.de\\\/\",\"name\":\"Jana Urbanus\",\"description\":\"Hochzeits- und Events\u00e4ngerin I K\u00fcnstlerin\",\"potentialAction\":[{\"@type\":\"SearchAction\",\"target\":{\"@type\":\"EntryPoint\",\"urlTemplate\":\"https:\\\/\\\/jana-urbanus.de\\\/?s={search_term_string}\"},\"query-input\":{\"@type\":\"PropertyValueSpecification\",\"valueRequired\":true,\"valueName\":\"search_term_string\"}}],\"inLanguage\":\"de\"}]}<\/script>\n<!-- \/ Yoast SEO plugin. -->","yoast_head_json":{"title":"\u00dcber mich - Jana Urbanus","robots":{"index":"index","follow":"follow","max-snippet":"max-snippet:-1","max-image-preview":"max-image-preview:large","max-video-preview":"max-video-preview:-1"},"canonical":"https:\/\/jana-urbanus.de\/?page_id=12","og_locale":"de_DE","og_type":"article","og_title":"\u00dcber mich - Jana Urbanus","og_description":"\u00dcber mich Ich bin Jana, bin in meinen Zwanzigern und studiere in Stuttgart. Die Musik begleitet mich schon seit meiner fr\u00fchen Kindheit. Seit meinem zw\u00f6lften Lebensjahr nehme ich Gesangsunterricht und versuche mich stetig musikalisch weiterzubilden. Im Alter von 13 Jahren durfte ich meine erste Hochzeit begleiten, und seit dem Alter von 15 Jahren begleite ich [&hellip;]","og_url":"https:\/\/jana-urbanus.de\/?page_id=12","og_site_name":"Jana Urbanus","article_modified_time":"2021-10-15T18:40:19+00:00","og_image":[{"url":"https:\/\/jana-urbanus.de\/wp-content\/uploads\/elementor\/thumbs\/WhatsApp-Image-2021-09-29-at-11.23.23-pdtox43bniv91fgh8xz82j5fk31r7n6ac5pumdcsig.jpeg","type":"","width":"","height":""}],"twitter_card":"summary_large_image","twitter_misc":{"Gesch\u00e4tzte Lesezeit":"1\u00a0Minute"},"schema":{"@context":"https:\/\/schema.org","@graph":[{"@type":"WebPage","@id":"https:\/\/jana-urbanus.de\/?page_id=12","url":"https:\/\/jana-urbanus.de\/?page_id=12","name":"\u00dcber mich - Jana Urbanus","isPartOf":{"@id":"https:\/\/jana-urbanus.de\/#website"},"primaryImageOfPage":{"@id":"https:\/\/jana-urbanus.de\/?page_id=12#primaryimage"},"image":{"@id":"https:\/\/jana-urbanus.de\/?page_id=12#primaryimage"},"thumbnailUrl":"https:\/\/jana-urbanus.de\/wp-content\/uploads\/elementor\/thumbs\/WhatsApp-Image-2021-09-29-at-11.23.23-pdtox43bniv91fgh8xz82j5fk31r7n6ac5pumdcsig.jpeg","datePublished":"2021-09-29T07:11:08+00:00","dateModified":"2021-10-15T18:40:19+00:00","breadcrumb":{"@id":"https:\/\/jana-urbanus.de\/?page_id=12#breadcrumb"},"inLanguage":"de","potentialAction":[{"@type":"ReadAction","target":["https:\/\/jana-urbanus.de\/?page_id=12"]}]},{"@type":"ImageObject","inLanguage":"de","@id":"https:\/\/jana-urbanus.de\/?page_id=12#primaryimage","url":"https:\/\/jana-urbanus.de\/wp-content\/uploads\/elementor\/thumbs\/WhatsApp-Image-2021-09-29-at-11.23.23-pdtox43bniv91fgh8xz82j5fk31r7n6ac5pumdcsig.jpeg","contentUrl":"https:\/\/jana-urbanus.de\/wp-content\/uploads\/elementor\/thumbs\/WhatsApp-Image-2021-09-29-at-11.23.23-pdtox43bniv91fgh8xz82j5fk31r7n6ac5pumdcsig.jpeg"},{"@type":"BreadcrumbList","@id":"https:\/\/jana-urbanus.de\/?page_id=12#breadcrumb","itemListElement":[{"@type":"ListItem","position":1,"name":"Startseite","item":"https:\/\/jana-urbanus.de\/"},{"@type":"ListItem","position":2,"name":"\u00dcber mich"}]},{"@type":"WebSite","@id":"https:\/\/jana-urbanus.de\/#website","url":"https:\/\/jana-urbanus.de\/","name":"Jana Urbanus","description":"Hochzeits- und Events\u00e4ngerin I K\u00fcnstlerin","potentialAction":[{"@type":"SearchAction","target":{"@type":"EntryPoint","urlTemplate":"https:\/\/jana-urbanus.de\/?s={search_term_string}"},"query-input":{"@type":"PropertyValueSpecification","valueRequired":true,"valueName":"search_term_string"}}],"inLanguage":"de"}]}},"_links":{"self":[{"href":"https:\/\/jana-urbanus.de\/index.php?rest_route=\/wp\/v2\/pages\/12","targetHints":{"allow":["GET"]}}],"collection":[{"href":"https:\/\/jana-urbanus.de\/index.php?rest_route=\/wp\/v2\/pages"}],"about":[{"href":"https:\/\/jana-urbanus.de\/index.php?rest_route=\/wp\/v2\/types\/page"}],"author":[{"embeddable":true,"href":"https:\/\/jana-urbanus.de\/index.php?rest_route=\/wp\/v2\/users\/1"}],"replies":[{"embeddable":true,"href":"https:\/\/jana-urbanus.de\/index.php?rest_route=%2Fwp%2Fv2%2Fcomments&post=12"}],"version-history":[{"count":15,"href":"https:\/\/jana-urbanus.de\/index.php?rest_route=\/wp\/v2\/pages\/12\/revisions"}],"predecessor-version":[{"id":346,"href":"https:\/\/jana-urbanus.de\/index.php?rest_route=\/wp\/v2\/pages\/12\/revisions\/346"}],"wp:attachment":[{"href":"https:\/\/jana-urbanus.de\/index.php?rest_route=%2Fwp%2Fv2%2Fmedia&parent=12"}],"curies":[{"name":"wp","href":"https:\/\/api.w.org\/{rel}","templated":true}]}}