{"id":15,"date":"2021-09-29T07:11:08","date_gmt":"2021-09-29T07:11:08","guid":{"rendered":"https:\/\/jana-urbanus.de\/?page_id=15"},"modified":"2021-10-15T18:39:15","modified_gmt":"2021-10-15T18:39:15","slug":"hoerproben","status":"publish","type":"page","link":"https:\/\/jana-urbanus.de\/?page_id=15","title":{"rendered":"H\u00f6rproben"},"content":{"rendered":"\t\t<div data-elementor-type=\"wp-page\" data-elementor-id=\"15\" class=\"elementor elementor-15\">\n\t\t\t\t\t\t<section class=\"elementor-section elementor-top-section elementor-element elementor-element-74426c5 elementor-section-boxed elementor-section-height-default elementor-section-height-default\" data-id=\"74426c5\" data-element_type=\"section\" data-e-type=\"section\">\n\t\t\t\t\t\t<div class=\"elementor-container elementor-column-gap-default\">\n\t\t\t\t\t<div class=\"elementor-column elementor-col-100 elementor-top-column elementor-element elementor-element-4b1163c\" data-id=\"4b1163c\" data-element_type=\"column\" data-e-type=\"column\">\n\t\t\t<div class=\"elementor-widget-wrap elementor-element-populated\">\n\t\t\t\t\t\t<div class=\"elementor-element elementor-element-6a5e46a elementor-widget elementor-widget-image\" data-id=\"6a5e46a\" data-element_type=\"widget\" data-e-type=\"widget\" data-widget_type=\"image.default\">\n\t\t\t\t<div class=\"elementor-widget-container\">\n\t\t\t\t\t\t\t\t\t\t\t\t\t\t\t<img decoding=\"async\" width=\"300\" height=\"101\" src=\"https:\/\/jana-urbanus.de\/wp-content\/uploads\/2021\/09\/Hoerproben-richtig-300x101.png\" class=\"attachment-medium size-medium wp-image-249\" alt=\"\" srcset=\"https:\/\/jana-urbanus.de\/wp-content\/uploads\/2021\/09\/Hoerproben-richtig-300x101.png 300w, https:\/\/jana-urbanus.de\/wp-content\/uploads\/2021\/09\/Hoerproben-richtig-1024x346.png 1024w, https:\/\/jana-urbanus.de\/wp-content\/uploads\/2021\/09\/Hoerproben-richtig-768x259.png 768w, https:\/\/jana-urbanus.de\/wp-content\/uploads\/2021\/09\/Hoerproben-richtig-1536x518.png 1536w, https:\/\/jana-urbanus.de\/wp-content\/uploads\/2021\/09\/Hoerproben-richtig.png 1840w\" sizes=\"(max-width: 300px) 100vw, 300px\" \/>\t\t\t\t\t\t\t\t\t\t\t\t\t\t\t<\/div>\n\t\t\t\t<\/div>\n\t\t\t\t\t<\/div>\n\t\t<\/div>\n\t\t\t\t\t<\/div>\n\t\t<\/section>\n\t\t\t\t<section class=\"elementor-section elementor-top-section elementor-element elementor-element-b6c898b elementor-section-boxed elementor-section-height-default elementor-section-height-default\" data-id=\"b6c898b\" data-element_type=\"section\" data-e-type=\"section\">\n\t\t\t\t\t\t<div class=\"elementor-container elementor-column-gap-default\">\n\t\t\t\t\t<div class=\"elementor-column elementor-col-33 elementor-top-column elementor-element elementor-element-27f0e78\" data-id=\"27f0e78\" data-element_type=\"column\" data-e-type=\"column\" data-settings=\"{&quot;background_background&quot;:&quot;classic&quot;}\">\n\t\t\t<div class=\"elementor-widget-wrap elementor-element-populated\">\n\t\t\t\t\t\t<div class=\"elementor-element elementor-element-8180a05 elementor-absolute elementor-widget elementor-widget-text-editor\" data-id=\"8180a05\" data-element_type=\"widget\" data-e-type=\"widget\" data-settings=\"{&quot;_position&quot;:&quot;absolute&quot;}\" data-widget_type=\"text-editor.default\">\n\t\t\t\t<div class=\"elementor-widget-container\">\n\t\t\t\t\t\t\t\t\t<p>Hier findet ihr einige ausgew\u00e4hlte Videos, in denen ihr euch einen ersten Eindruck machen k\u00f6nnt. Schaut gerne bei meinem YouTube Kanal vorbei. Neben Videos von Hochzeiten findet ihr dort auch Covervideos von modernen Songs. Weitere kurze Videos von Hochzeiten findet ihr auf meiner Instagram Seite.\u00a0<\/p>\t\t\t\t\t\t\t\t<\/div>\n\t\t\t\t<\/div>\n\t\t\t\t\t<\/div>\n\t\t<\/div>\n\t\t\t\t<div class=\"elementor-column elementor-col-66 elementor-top-column elementor-element elementor-element-f8b098d\" data-id=\"f8b098d\" data-element_type=\"column\" data-e-type=\"column\">\n\t\t\t<div class=\"elementor-widget-wrap elementor-element-populated\">\n\t\t\t\t\t\t<div class=\"elementor-element elementor-element-c24e5e3 elementor-widget elementor-widget-image\" data-id=\"c24e5e3\" data-element_type=\"widget\" data-e-type=\"widget\" data-widget_type=\"image.default\">\n\t\t\t\t<div class=\"elementor-widget-container\">\n\t\t\t\t\t\t\t\t\t\t\t\t\t\t\t<img fetchpriority=\"high\" decoding=\"async\" width=\"1024\" height=\"1024\" src=\"https:\/\/jana-urbanus.de\/wp-content\/uploads\/2021\/09\/WhatsApp-Image-2021-09-29-at-11.26.12-1024x1024.jpeg\" class=\"attachment-large size-large wp-image-246\" alt=\"\" srcset=\"https:\/\/jana-urbanus.de\/wp-content\/uploads\/2021\/09\/WhatsApp-Image-2021-09-29-at-11.26.12.jpeg 1024w, https:\/\/jana-urbanus.de\/wp-content\/uploads\/2021\/09\/WhatsApp-Image-2021-09-29-at-11.26.12-300x300.jpeg 300w, https:\/\/jana-urbanus.de\/wp-content\/uploads\/2021\/09\/WhatsApp-Image-2021-09-29-at-11.26.12-150x150.jpeg 150w, https:\/\/jana-urbanus.de\/wp-content\/uploads\/2021\/09\/WhatsApp-Image-2021-09-29-at-11.26.12-768x768.jpeg 768w\" sizes=\"(max-width: 1024px) 100vw, 1024px\" \/>\t\t\t\t\t\t\t\t\t\t\t\t\t\t\t<\/div>\n\t\t\t\t<\/div>\n\t\t\t\t\t<\/div>\n\t\t<\/div>\n\t\t\t\t\t<\/div>\n\t\t<\/section>\n\t\t\t\t<section class=\"elementor-section elementor-top-section elementor-element elementor-element-cd5f9d1 elementor-section-boxed elementor-section-height-default elementor-section-height-default\" data-id=\"cd5f9d1\" data-element_type=\"section\" data-e-type=\"section\">\n\t\t\t\t\t\t<div class=\"elementor-container elementor-column-gap-default\">\n\t\t\t\t\t<div class=\"elementor-column elementor-col-100 elementor-top-column elementor-element elementor-element-41ed52b\" data-id=\"41ed52b\" data-element_type=\"column\" data-e-type=\"column\">\n\t\t\t<div class=\"elementor-widget-wrap elementor-element-populated\">\n\t\t\t\t\t\t<div class=\"elementor-element elementor-element-946ce17 elementor-align-left elementor-widget elementor-widget-button\" data-id=\"946ce17\" data-element_type=\"widget\" data-e-type=\"widget\" data-widget_type=\"button.default\">\n\t\t\t\t<div class=\"elementor-widget-container\">\n\t\t\t\t\t\t\t\t\t<div class=\"elementor-button-wrapper\">\n\t\t\t\t\t<a class=\"elementor-button elementor-button-link elementor-size-sm elementor-animation-skew-forward\" href=\"https:\/\/www.youtube.com\/channel\/UCyMpm3cS-G__NZnPy0WBqFQ\">\n\t\t\t\t\t\t<span class=\"elementor-button-content-wrapper\">\n\t\t\t\t\t\t<span class=\"elementor-button-icon\">\n\t\t\t\t<i aria-hidden=\"true\" class=\"fas fa-angle-right\"><\/i>\t\t\t<\/span>\n\t\t\t\t\t\t\t\t\t<span class=\"elementor-button-text\">hier geht es zu meinem youtube Kanal<\/span>\n\t\t\t\t\t<\/span>\n\t\t\t\t\t<\/a>\n\t\t\t\t<\/div>\n\t\t\t\t\t\t\t\t<\/div>\n\t\t\t\t<\/div>\n\t\t\t\t\t<\/div>\n\t\t<\/div>\n\t\t\t\t\t<\/div>\n\t\t<\/section>\n\t\t\t\t<section class=\"elementor-section elementor-top-section elementor-element elementor-element-13f2d78 elementor-section-boxed elementor-section-height-default elementor-section-height-default\" data-id=\"13f2d78\" data-element_type=\"section\" data-e-type=\"section\">\n\t\t\t\t\t\t<div class=\"elementor-container elementor-column-gap-default\">\n\t\t\t\t\t<div class=\"elementor-column elementor-col-50 elementor-top-column elementor-element elementor-element-5aea1af\" data-id=\"5aea1af\" data-element_type=\"column\" data-e-type=\"column\">\n\t\t\t<div class=\"elementor-widget-wrap elementor-element-populated\">\n\t\t\t\t\t\t<div class=\"elementor-element elementor-element-546a363 elementor-widget elementor-widget-video\" data-id=\"546a363\" data-element_type=\"widget\" data-e-type=\"widget\" data-settings=\"{&quot;youtube_url&quot;:&quot;https:\\\/\\\/www.youtube.com\\\/watch?v=wQHhi9_bej0&quot;,&quot;video_type&quot;:&quot;youtube&quot;,&quot;controls&quot;:&quot;yes&quot;}\" data-widget_type=\"video.default\">\n\t\t\t\t<div class=\"elementor-widget-container\">\n\t\t\t\t\t\t\t<div class=\"elementor-wrapper elementor-open-inline\">\n\t\t\t<div class=\"elementor-video\"><\/div>\t\t<\/div>\n\t\t\t\t\t\t<\/div>\n\t\t\t\t<\/div>\n\t\t\t\t\t<\/div>\n\t\t<\/div>\n\t\t\t\t<div class=\"elementor-column elementor-col-50 elementor-top-column elementor-element elementor-element-15161ab\" data-id=\"15161ab\" data-element_type=\"column\" data-e-type=\"column\">\n\t\t\t<div class=\"elementor-widget-wrap elementor-element-populated\">\n\t\t\t\t\t\t<div class=\"elementor-element elementor-element-dd86e13 elementor-widget elementor-widget-video\" data-id=\"dd86e13\" data-element_type=\"widget\" data-e-type=\"widget\" data-settings=\"{&quot;youtube_url&quot;:&quot;https:\\\/\\\/www.youtube.com\\\/watch?v=JFhxtkWd6qg&quot;,&quot;video_type&quot;:&quot;youtube&quot;,&quot;controls&quot;:&quot;yes&quot;}\" data-widget_type=\"video.default\">\n\t\t\t\t<div class=\"elementor-widget-container\">\n\t\t\t\t\t\t\t<div class=\"elementor-wrapper elementor-open-inline\">\n\t\t\t<div class=\"elementor-video\"><\/div>\t\t<\/div>\n\t\t\t\t\t\t<\/div>\n\t\t\t\t<\/div>\n\t\t\t\t\t<\/div>\n\t\t<\/div>\n\t\t\t\t\t<\/div>\n\t\t<\/section>\n\t\t\t\t<section class=\"elementor-section elementor-top-section elementor-element elementor-element-7b20a73 elementor-section-boxed elementor-section-height-default elementor-section-height-default\" data-id=\"7b20a73\" data-element_type=\"section\" data-e-type=\"section\">\n\t\t\t\t\t\t<div class=\"elementor-container elementor-column-gap-default\">\n\t\t\t\t\t<div class=\"elementor-column elementor-col-50 elementor-top-column elementor-element elementor-element-b6c57ea\" data-id=\"b6c57ea\" data-element_type=\"column\" data-e-type=\"column\">\n\t\t\t<div class=\"elementor-widget-wrap elementor-element-populated\">\n\t\t\t\t\t\t<div class=\"elementor-element elementor-element-bda4cc4 elementor-widget elementor-widget-video\" data-id=\"bda4cc4\" data-element_type=\"widget\" data-e-type=\"widget\" data-settings=\"{&quot;youtube_url&quot;:&quot;https:\\\/\\\/www.youtube.com\\\/watch?v=JEmcV-Vrs-0&quot;,&quot;video_type&quot;:&quot;youtube&quot;,&quot;controls&quot;:&quot;yes&quot;}\" data-widget_type=\"video.default\">\n\t\t\t\t<div class=\"elementor-widget-container\">\n\t\t\t\t\t\t\t<div class=\"elementor-wrapper elementor-open-inline\">\n\t\t\t<div class=\"elementor-video\"><\/div>\t\t<\/div>\n\t\t\t\t\t\t<\/div>\n\t\t\t\t<\/div>\n\t\t\t\t\t<\/div>\n\t\t<\/div>\n\t\t\t\t<div class=\"elementor-column elementor-col-50 elementor-top-column elementor-element elementor-element-2bb397c\" data-id=\"2bb397c\" data-element_type=\"column\" data-e-type=\"column\">\n\t\t\t<div class=\"elementor-widget-wrap elementor-element-populated\">\n\t\t\t\t\t\t<div class=\"elementor-element elementor-element-b30aa04 elementor-widget elementor-widget-video\" data-id=\"b30aa04\" data-element_type=\"widget\" data-e-type=\"widget\" data-settings=\"{&quot;youtube_url&quot;:&quot;https:\\\/\\\/www.youtube.com\\\/watch?v=gAAW3r_CPsc&quot;,&quot;video_type&quot;:&quot;youtube&quot;,&quot;controls&quot;:&quot;yes&quot;}\" data-widget_type=\"video.default\">\n\t\t\t\t<div class=\"elementor-widget-container\">\n\t\t\t\t\t\t\t<div class=\"elementor-wrapper elementor-open-inline\">\n\t\t\t<div class=\"elementor-video\"><\/div>\t\t<\/div>\n\t\t\t\t\t\t<\/div>\n\t\t\t\t<\/div>\n\t\t\t\t\t<\/div>\n\t\t<\/div>\n\t\t\t\t\t<\/div>\n\t\t<\/section>\n\t\t\t\t<\/div>\n\t\t","protected":false},"excerpt":{"rendered":"<p>Hier findet ihr einige ausgew\u00e4hlte Videos, in denen ihr euch einen ersten Eindruck machen k\u00f6nnt. Schaut gerne bei meinem YouTube Kanal vorbei. Neben Videos von Hochzeiten findet ihr dort auch Covervideos von modernen Songs. Weitere kurze Videos von Hochzeiten findet ihr auf meiner Instagram Seite. hier geht es zu meinem youtube Kanal https:\/\/www.youtube.com\/watch?v=wQHhi9_bej0https:\/\/www.youtube.com\/watch?v=JFhxtkWd6qghttps:\/\/www.youtube.com\/watch?v=JEmcV-Vrs-0https:\/\/www.youtube.com\/watch?v=gAAW3r_CPsc<\/p>\n","protected":false},"author":1,"featured_media":0,"parent":0,"menu_order":0,"comment_status":"closed","ping_status":"closed","template":"","meta":{"ocean_post_layout":"","ocean_both_sidebars_style":"","ocean_both_sidebars_content_width":0,"ocean_both_sidebars_sidebars_width":0,"ocean_sidebar":"0","ocean_second_sidebar":"0","ocean_disable_margins":"enable","ocean_add_body_class":"","ocean_shortcode_before_top_bar":"","ocean_shortcode_after_top_bar":"","ocean_shortcode_before_header":"","ocean_shortcode_after_header":"","ocean_has_shortcode":"","ocean_shortcode_after_title":"","ocean_shortcode_before_footer_widgets":"","ocean_shortcode_after_footer_widgets":"","ocean_shortcode_before_footer_bottom":"","ocean_shortcode_after_footer_bottom":"","ocean_display_top_bar":"default","ocean_display_header":"default","ocean_header_style":"","ocean_center_header_left_menu":"0","ocean_custom_header_template":"0","ocean_custom_logo":0,"ocean_custom_retina_logo":0,"ocean_custom_logo_max_width":0,"ocean_custom_logo_tablet_max_width":0,"ocean_custom_logo_mobile_max_width":0,"ocean_custom_logo_max_height":0,"ocean_custom_logo_tablet_max_height":0,"ocean_custom_logo_mobile_max_height":0,"ocean_header_custom_menu":"0","ocean_menu_typo_font_family":"0","ocean_menu_typo_font_subset":"","ocean_menu_typo_font_size":0,"ocean_menu_typo_font_size_tablet":0,"ocean_menu_typo_font_size_mobile":0,"ocean_menu_typo_font_size_unit":"px","ocean_menu_typo_font_weight":"","ocean_menu_typo_font_weight_tablet":"","ocean_menu_typo_font_weight_mobile":"","ocean_menu_typo_transform":"","ocean_menu_typo_transform_tablet":"","ocean_menu_typo_transform_mobile":"","ocean_menu_typo_line_height":0,"ocean_menu_typo_line_height_tablet":0,"ocean_menu_typo_line_height_mobile":0,"ocean_menu_typo_line_height_unit":"","ocean_menu_typo_spacing":0,"ocean_menu_typo_spacing_tablet":0,"ocean_menu_typo_spacing_mobile":0,"ocean_menu_typo_spacing_unit":"","ocean_menu_link_color":"","ocean_menu_link_color_hover":"","ocean_menu_link_color_active":"","ocean_menu_link_background":"","ocean_menu_link_hover_background":"","ocean_menu_link_active_background":"","ocean_menu_social_links_bg":"","ocean_menu_social_hover_links_bg":"","ocean_menu_social_links_color":"","ocean_menu_social_hover_links_color":"","ocean_disable_title":"on","ocean_disable_heading":"default","ocean_post_title":"","ocean_post_subheading":"","ocean_post_title_style":"","ocean_post_title_background_color":"","ocean_post_title_background":0,"ocean_post_title_bg_image_position":"","ocean_post_title_bg_image_attachment":"","ocean_post_title_bg_image_repeat":"","ocean_post_title_bg_image_size":"","ocean_post_title_height":0,"ocean_post_title_bg_overlay":0.5,"ocean_post_title_bg_overlay_color":"","ocean_disable_breadcrumbs":"default","ocean_breadcrumbs_color":"","ocean_breadcrumbs_separator_color":"","ocean_breadcrumbs_links_color":"","ocean_breadcrumbs_links_hover_color":"","ocean_display_footer_widgets":"off","ocean_display_footer_bottom":"default","ocean_custom_footer_template":"0","footnotes":""},"class_list":["post-15","page","type-page","status-publish","hentry","entry"],"yoast_head":"<!-- This site is optimized with the Yoast SEO plugin v27.3 - https:\/\/yoast.com\/product\/yoast-seo-wordpress\/ -->\n<title>H\u00f6rproben - Jana Urbanus<\/title>\n<meta name=\"robots\" content=\"index, follow, max-snippet:-1, max-image-preview:large, max-video-preview:-1\" \/>\n<link rel=\"canonical\" href=\"https:\/\/jana-urbanus.de\/?page_id=15\" \/>\n<meta property=\"og:locale\" content=\"de_DE\" \/>\n<meta property=\"og:type\" content=\"article\" \/>\n<meta property=\"og:title\" content=\"H\u00f6rproben - Jana Urbanus\" \/>\n<meta property=\"og:description\" content=\"Hier findet ihr einige ausgew\u00e4hlte Videos, in denen ihr euch einen ersten Eindruck machen k\u00f6nnt. Schaut gerne bei meinem YouTube Kanal vorbei. Neben Videos von Hochzeiten findet ihr dort auch Covervideos von modernen Songs. Weitere kurze Videos von Hochzeiten findet ihr auf meiner Instagram Seite. hier geht es zu meinem youtube Kanal https:\/\/www.youtube.com\/watch?v=wQHhi9_bej0https:\/\/www.youtube.com\/watch?v=JFhxtkWd6qghttps:\/\/www.youtube.com\/watch?v=JEmcV-Vrs-0https:\/\/www.youtube.com\/watch?v=gAAW3r_CPsc\" \/>\n<meta property=\"og:url\" content=\"https:\/\/jana-urbanus.de\/?page_id=15\" \/>\n<meta property=\"og:site_name\" content=\"Jana Urbanus\" \/>\n<meta property=\"article:modified_time\" content=\"2021-10-15T18:39:15+00:00\" \/>\n<meta property=\"og:image\" content=\"https:\/\/jana-urbanus.de\/wp-content\/uploads\/2021\/09\/Hoerproben-richtig-300x101.png\" \/>\n<meta name=\"twitter:card\" content=\"summary_large_image\" \/>\n<script type=\"application\/ld+json\" class=\"yoast-schema-graph\">{\"@context\":\"https:\\\/\\\/schema.org\",\"@graph\":[{\"@type\":\"WebPage\",\"@id\":\"https:\\\/\\\/jana-urbanus.de\\\/?page_id=15\",\"url\":\"https:\\\/\\\/jana-urbanus.de\\\/?page_id=15\",\"name\":\"H\u00f6rproben - Jana Urbanus\",\"isPartOf\":{\"@id\":\"https:\\\/\\\/jana-urbanus.de\\\/#website\"},\"primaryImageOfPage\":{\"@id\":\"https:\\\/\\\/jana-urbanus.de\\\/?page_id=15#primaryimage\"},\"image\":{\"@id\":\"https:\\\/\\\/jana-urbanus.de\\\/?page_id=15#primaryimage\"},\"thumbnailUrl\":\"https:\\\/\\\/jana-urbanus.de\\\/wp-content\\\/uploads\\\/2021\\\/09\\\/Hoerproben-richtig-300x101.png\",\"datePublished\":\"2021-09-29T07:11:08+00:00\",\"dateModified\":\"2021-10-15T18:39:15+00:00\",\"breadcrumb\":{\"@id\":\"https:\\\/\\\/jana-urbanus.de\\\/?page_id=15#breadcrumb\"},\"inLanguage\":\"de\",\"potentialAction\":[{\"@type\":\"ReadAction\",\"target\":[\"https:\\\/\\\/jana-urbanus.de\\\/?page_id=15\"]}]},{\"@type\":\"ImageObject\",\"inLanguage\":\"de\",\"@id\":\"https:\\\/\\\/jana-urbanus.de\\\/?page_id=15#primaryimage\",\"url\":\"https:\\\/\\\/jana-urbanus.de\\\/wp-content\\\/uploads\\\/2021\\\/09\\\/Hoerproben-richtig.png\",\"contentUrl\":\"https:\\\/\\\/jana-urbanus.de\\\/wp-content\\\/uploads\\\/2021\\\/09\\\/Hoerproben-richtig.png\",\"width\":1840,\"height\":621},{\"@type\":\"BreadcrumbList\",\"@id\":\"https:\\\/\\\/jana-urbanus.de\\\/?page_id=15#breadcrumb\",\"itemListElement\":[{\"@type\":\"ListItem\",\"position\":1,\"name\":\"Startseite\",\"item\":\"https:\\\/\\\/jana-urbanus.de\\\/\"},{\"@type\":\"ListItem\",\"position\":2,\"name\":\"H\u00f6rproben\"}]},{\"@type\":\"WebSite\",\"@id\":\"https:\\\/\\\/jana-urbanus.de\\\/#website\",\"url\":\"https:\\\/\\\/jana-urbanus.de\\\/\",\"name\":\"Jana Urbanus\",\"description\":\"Hochzeits- und Events\u00e4ngerin I K\u00fcnstlerin\",\"potentialAction\":[{\"@type\":\"SearchAction\",\"target\":{\"@type\":\"EntryPoint\",\"urlTemplate\":\"https:\\\/\\\/jana-urbanus.de\\\/?s={search_term_string}\"},\"query-input\":{\"@type\":\"PropertyValueSpecification\",\"valueRequired\":true,\"valueName\":\"search_term_string\"}}],\"inLanguage\":\"de\"}]}<\/script>\n<!-- \/ Yoast SEO plugin. -->","yoast_head_json":{"title":"H\u00f6rproben - Jana Urbanus","robots":{"index":"index","follow":"follow","max-snippet":"max-snippet:-1","max-image-preview":"max-image-preview:large","max-video-preview":"max-video-preview:-1"},"canonical":"https:\/\/jana-urbanus.de\/?page_id=15","og_locale":"de_DE","og_type":"article","og_title":"H\u00f6rproben - Jana Urbanus","og_description":"Hier findet ihr einige ausgew\u00e4hlte Videos, in denen ihr euch einen ersten Eindruck machen k\u00f6nnt. Schaut gerne bei meinem YouTube Kanal vorbei. Neben Videos von Hochzeiten findet ihr dort auch Covervideos von modernen Songs. Weitere kurze Videos von Hochzeiten findet ihr auf meiner Instagram Seite. hier geht es zu meinem youtube Kanal https:\/\/www.youtube.com\/watch?v=wQHhi9_bej0https:\/\/www.youtube.com\/watch?v=JFhxtkWd6qghttps:\/\/www.youtube.com\/watch?v=JEmcV-Vrs-0https:\/\/www.youtube.com\/watch?v=gAAW3r_CPsc","og_url":"https:\/\/jana-urbanus.de\/?page_id=15","og_site_name":"Jana Urbanus","article_modified_time":"2021-10-15T18:39:15+00:00","og_image":[{"url":"https:\/\/jana-urbanus.de\/wp-content\/uploads\/2021\/09\/Hoerproben-richtig-300x101.png","type":"","width":"","height":""}],"twitter_card":"summary_large_image","schema":{"@context":"https:\/\/schema.org","@graph":[{"@type":"WebPage","@id":"https:\/\/jana-urbanus.de\/?page_id=15","url":"https:\/\/jana-urbanus.de\/?page_id=15","name":"H\u00f6rproben - Jana Urbanus","isPartOf":{"@id":"https:\/\/jana-urbanus.de\/#website"},"primaryImageOfPage":{"@id":"https:\/\/jana-urbanus.de\/?page_id=15#primaryimage"},"image":{"@id":"https:\/\/jana-urbanus.de\/?page_id=15#primaryimage"},"thumbnailUrl":"https:\/\/jana-urbanus.de\/wp-content\/uploads\/2021\/09\/Hoerproben-richtig-300x101.png","datePublished":"2021-09-29T07:11:08+00:00","dateModified":"2021-10-15T18:39:15+00:00","breadcrumb":{"@id":"https:\/\/jana-urbanus.de\/?page_id=15#breadcrumb"},"inLanguage":"de","potentialAction":[{"@type":"ReadAction","target":["https:\/\/jana-urbanus.de\/?page_id=15"]}]},{"@type":"ImageObject","inLanguage":"de","@id":"https:\/\/jana-urbanus.de\/?page_id=15#primaryimage","url":"https:\/\/jana-urbanus.de\/wp-content\/uploads\/2021\/09\/Hoerproben-richtig.png","contentUrl":"https:\/\/jana-urbanus.de\/wp-content\/uploads\/2021\/09\/Hoerproben-richtig.png","width":1840,"height":621},{"@type":"BreadcrumbList","@id":"https:\/\/jana-urbanus.de\/?page_id=15#breadcrumb","itemListElement":[{"@type":"ListItem","position":1,"name":"Startseite","item":"https:\/\/jana-urbanus.de\/"},{"@type":"ListItem","position":2,"name":"H\u00f6rproben"}]},{"@type":"WebSite","@id":"https:\/\/jana-urbanus.de\/#website","url":"https:\/\/jana-urbanus.de\/","name":"Jana Urbanus","description":"Hochzeits- und Events\u00e4ngerin I K\u00fcnstlerin","potentialAction":[{"@type":"SearchAction","target":{"@type":"EntryPoint","urlTemplate":"https:\/\/jana-urbanus.de\/?s={search_term_string}"},"query-input":{"@type":"PropertyValueSpecification","valueRequired":true,"valueName":"search_term_string"}}],"inLanguage":"de"}]}},"_links":{"self":[{"href":"https:\/\/jana-urbanus.de\/index.php?rest_route=\/wp\/v2\/pages\/15","targetHints":{"allow":["GET"]}}],"collection":[{"href":"https:\/\/jana-urbanus.de\/index.php?rest_route=\/wp\/v2\/pages"}],"about":[{"href":"https:\/\/jana-urbanus.de\/index.php?rest_route=\/wp\/v2\/types\/page"}],"author":[{"embeddable":true,"href":"https:\/\/jana-urbanus.de\/index.php?rest_route=\/wp\/v2\/users\/1"}],"replies":[{"embeddable":true,"href":"https:\/\/jana-urbanus.de\/index.php?rest_route=%2Fwp%2Fv2%2Fcomments&post=15"}],"version-history":[{"count":9,"href":"https:\/\/jana-urbanus.de\/index.php?rest_route=\/wp\/v2\/pages\/15\/revisions"}],"predecessor-version":[{"id":342,"href":"https:\/\/jana-urbanus.de\/index.php?rest_route=\/wp\/v2\/pages\/15\/revisions\/342"}],"wp:attachment":[{"href":"https:\/\/jana-urbanus.de\/index.php?rest_route=%2Fwp%2Fv2%2Fmedia&parent=15"}],"curies":[{"name":"wp","href":"https:\/\/api.w.org\/{rel}","templated":true}]}}