{"id":16,"date":"2021-09-29T07:11:08","date_gmt":"2021-09-29T07:11:08","guid":{"rendered":"https:\/\/jana-urbanus.de\/?page_id=16"},"modified":"2021-10-25T08:27:32","modified_gmt":"2021-10-25T08:27:32","slug":"repertoire","status":"publish","type":"page","link":"https:\/\/jana-urbanus.de\/?page_id=16","title":{"rendered":"Repertoire"},"content":{"rendered":"\t\t<div data-elementor-type=\"wp-page\" data-elementor-id=\"16\" class=\"elementor elementor-16\">\n\t\t\t\t\t\t<section class=\"elementor-section elementor-top-section elementor-element elementor-element-046599e elementor-section-boxed elementor-section-height-default elementor-section-height-default\" data-id=\"046599e\" data-element_type=\"section\" data-e-type=\"section\">\n\t\t\t\t\t\t<div class=\"elementor-container elementor-column-gap-default\">\n\t\t\t\t\t<div class=\"elementor-column elementor-col-100 elementor-top-column elementor-element elementor-element-2af088e\" data-id=\"2af088e\" data-element_type=\"column\" data-e-type=\"column\">\n\t\t\t<div class=\"elementor-widget-wrap elementor-element-populated\">\n\t\t\t\t\t\t<div class=\"elementor-element elementor-element-51734cf elementor-widget elementor-widget-image\" data-id=\"51734cf\" data-element_type=\"widget\" data-e-type=\"widget\" data-widget_type=\"image.default\">\n\t\t\t\t<div class=\"elementor-widget-container\">\n\t\t\t\t\t\t\t\t\t\t\t\t\t\t\t<img decoding=\"async\" width=\"300\" height=\"79\" src=\"https:\/\/jana-urbanus.de\/wp-content\/uploads\/2021\/09\/Repertoire1-300x79.png\" class=\"attachment-medium size-medium wp-image-257\" alt=\"\" srcset=\"https:\/\/jana-urbanus.de\/wp-content\/uploads\/2021\/09\/Repertoire1-300x79.png 300w, https:\/\/jana-urbanus.de\/wp-content\/uploads\/2021\/09\/Repertoire1-1024x269.png 1024w, https:\/\/jana-urbanus.de\/wp-content\/uploads\/2021\/09\/Repertoire1-768x202.png 768w, https:\/\/jana-urbanus.de\/wp-content\/uploads\/2021\/09\/Repertoire1.png 1232w\" sizes=\"(max-width: 300px) 100vw, 300px\" \/>\t\t\t\t\t\t\t\t\t\t\t\t\t\t\t<\/div>\n\t\t\t\t<\/div>\n\t\t\t\t\t<\/div>\n\t\t<\/div>\n\t\t\t\t\t<\/div>\n\t\t<\/section>\n\t\t\t\t<section class=\"elementor-section elementor-top-section elementor-element elementor-element-3ffccbf elementor-section-boxed elementor-section-height-default elementor-section-height-default\" data-id=\"3ffccbf\" data-element_type=\"section\" data-e-type=\"section\">\n\t\t\t\t\t\t<div class=\"elementor-container elementor-column-gap-default\">\n\t\t\t\t\t<div class=\"elementor-column elementor-col-100 elementor-top-column elementor-element elementor-element-c21ab7e\" data-id=\"c21ab7e\" data-element_type=\"column\" data-e-type=\"column\">\n\t\t\t<div class=\"elementor-widget-wrap elementor-element-populated\">\n\t\t\t\t\t\t<div class=\"elementor-element elementor-element-21219a8 elementor-widget elementor-widget-text-editor\" data-id=\"21219a8\" data-element_type=\"widget\" data-e-type=\"widget\" data-widget_type=\"text-editor.default\">\n\t\t\t\t<div class=\"elementor-widget-container\">\n\t\t\t\t\t\t\t\t\t<p>Hier findet ihr englische und deutsche Songs, die ich bereits an Hochzeiten gesungen habe. Das Repertoire wird stetig erweitert. Das Repertoire f\u00fcr Taufsongs kann ich euch gerne gesondert zukommen lassen. Viel Spa\u00df beim St\u00f6bern!<\/p>\t\t\t\t\t\t\t\t<\/div>\n\t\t\t\t<\/div>\n\t\t\t\t\t<\/div>\n\t\t<\/div>\n\t\t\t\t\t<\/div>\n\t\t<\/section>\n\t\t\t\t<section class=\"elementor-section elementor-top-section elementor-element elementor-element-48d7d67 elementor-section-boxed elementor-section-height-default elementor-section-height-default\" data-id=\"48d7d67\" data-element_type=\"section\" data-e-type=\"section\">\n\t\t\t\t\t\t\t<div class=\"elementor-background-overlay\"><\/div>\n\t\t\t\t\t\t\t<div class=\"elementor-container elementor-column-gap-default\">\n\t\t\t\t\t<div class=\"elementor-column elementor-col-50 elementor-top-column elementor-element elementor-element-9cae2c4\" data-id=\"9cae2c4\" data-element_type=\"column\" data-e-type=\"column\">\n\t\t\t<div class=\"elementor-widget-wrap elementor-element-populated\">\n\t\t\t\t\t\t<div class=\"elementor-element elementor-element-e9b0151 elementor-widget elementor-widget-text-editor\" data-id=\"e9b0151\" data-element_type=\"widget\" data-e-type=\"widget\" data-widget_type=\"text-editor.default\">\n\t\t\t\t<div class=\"elementor-widget-container\">\n\t\t\t\t\t\t\t\t\t<div>\u00a0<\/div><ul><li>A Million Dreams \u2013 The Greatest Showman<\/li><li>A Moment like this \u2013 Kelly Clarkson<\/li><li>A thousand Miles \u2013 Vanessa Carlton<\/li><li>A thousand Years \u2013 Christina Perri<\/li><li>All of me \u2013 John Legend<\/li><li>Amazing Grace<\/li><li>Beautiful in White \u2013 Westlife<\/li><li>Best day \u2013 Eskimo Callboy<\/li><li>Best Day of my Life \u2013 American Authors<\/li><li>Best part \u2013 Daniel Caesar ft. Her<\/li><li>Better Together \u2013 Jack Johnson<\/li><li>Can\u00b4t help falling in love<\/li><li>Can\u00b4t stop the feeling \u2013 Justin Timberlake<\/li><li>Closer \u2013 The Chainsmokers<\/li><li>Count on me \u2013 Bruno Mars<\/li><li>Crazy in Love \u2013 Beyonce<\/li><li>Don\u00b4t stop believing \u2013 Journey<\/li><li>Everything I do \u2013 Bryan Adams<\/li><li>Everlong \u2013 Foo Fighters<\/li><li>Feel \u2013 Robbie Williams<\/li><li>Feels like Home \u2013 Edina Hayes<\/li><li>Fix you \u2013 Coldplay<\/li><li>Flashlight \u2013 Jessie J<\/li><li>Footprints in the Sand \u2013 Leona Lewis<\/li><li>Fallin All In you \u2013 Shawn Mendes<\/li><li>Get lucky \u2013 Daftpunk<\/li><li>God only knows \u2013 Kinna Grannis<\/li><li>Halleluhja<\/li><li>Happy \u2013 Pharell Wiliams<\/li><li>Have I told you lately \u2013 Van Morrison<\/li><li>Have it all \u2013 Jason Mraz<\/li><li>Have it all \u2013 Jason Mraz<\/li><li>Heaven \u2013 Bryan Adams<\/li><li>Hey \u2013 Fais ft. Afrojack<\/li><li>Home to you \u2013 Sigrid<\/li><li>How long will I love you \u2013 Ellie Golding<\/li><li>I choose you \u2013 Ryann Darling<\/li><li>I don\u00b4t want to miss a thing \u2013 Aerosmith<\/li><li>I feel good \u2013 James Brown<\/li><li>I finally found someone \u2013 Bryan Adams<\/li><li>I got you \u2013 Jack Johnson<\/li><li>I miss you \u2013 Blink182<\/li><li>I say a little Prayer for you \u2013 Aretha Franklin<\/li><li>I want it that way \u2013 Backstreet Boys<\/li><li>I will follow him \u2013 Sister Act<\/li><li>I won\u00b4t give up \u2013 Jason Mraz<\/li><li>If I ain\u00b4t got you \u2013 Alicia Keys<\/li><li>In your arms \u2013 Stanfour<\/li><li>It is you I have loved \u2013 Dana Glover<\/li><li>Is this love \u2013 Bob Marley<\/li><li>Isn\u00b4t she lovely \u2013 Stevie Wonder<\/li><li>I\u00b4m gonna be (500 Miles) \u2013 The Proclaimers<\/li><li>I\u00b4m Yours \u2013 Jason Mraz<\/li><li>I like me better \u2013 Lauv<\/li><li>Just the way you are \u2013 Bruno Mars<\/li><li>Kiss me \u2013 Sixpence and None the Richter<\/li><li>Kiss me \u2013 Ed Sheeran<\/li><li>Latch \u2013 Sam Smith<\/li><li>Love is all around me \u2013 WetWetWet<\/li><li>Love me like you do \u2013 Ellie Golding<\/li><li>Lucky \u2013 Jason Mraz<\/li><li>Little Things \u2013 One Direction<\/li><li>More than Words \u2013 Extreme<\/li><li>Marry me \u2013 Train<\/li><li>My Love \u2013 Sia<\/li><li>My Love is your Love \u2013 Whitney Houston<\/li><li>Next to me \u2013 Imagine Dragons<\/li><li>Nothing else matters<\/li><li>No one \u2013 Alicia Keys<\/li><li>Oh happy day \u2013 Sister Act<\/li><li>Only Love \u2013 Ben Howard<\/li><li>One and Only \u2013 Adele<\/li><li>One call away \u2013 Charlie Puth<\/li><li>Perfect \u2013 Ed Sheeran<\/li><li>Photograph \u2013 Ed Sheeran<\/li><li>Right here waiting \u2013 Richard Marks<\/li><li>Make you feel my Love \u2013 Adele<\/li><li>Save tonight \u2013 Eagle Eye Cherry<\/li><li>Say you won\u00b4t let go \u2013 James Arthur<\/li><li>Something just like this \u2013 The Chainsmokers ft. Coldplay<\/li><li>Stand by me \u2013 Ben E. King<\/li><li>Stay the night \u2013 James Blunt<\/li><li>Stay with me \u2013 Sam Smith<\/li><li>Stolen Dance \u2013 Milky Chance<\/li><li>Teenage Dream \u2013 Katy Perry<\/li><li>The Promise \u2013 Tracy Chapman<\/li><li>The Rose \u2013 Bette Midler<\/li><li>Tenerife Sea \u2013 Ed Sheeran<\/li><li>Thinking out loud \u2013 Ed Sheeran<\/li><li>This \u2013 Ed Sheeran<\/li><li>This Ring \u2013 T. Carter<\/li><li>Time of my Life \u2013 Dirty Dancing<\/li><li>True Colours \u2013 Tom Odell<\/li><li>Two becoming one \u2013 Jonathan and Emily Martin<\/li><li>The book of Love \u2013 Peter Gabriel<\/li><li>Unchained Melody \u2013 Elvis<\/li><li>Use somebody \u2013 Kings of Leon<\/li><li>Us \u2013 James Bay<\/li><li>Yellow &#8211; Coldplay<\/li><li>Wasn\u00b4t expecting that \u2013 Jamie Lawson<\/li><li>Walking on Sunshine \u2013 Katrina<\/li><li>What a wonderful World \u2013 Louis Armstrong<\/li><li>When you love Someone \u2013 Lukas Graham<\/li><li>Wherever you\u00b4ll go \u2013 The Calling<\/li><li>Wonderful World \u2013 Sam Cook<\/li><li>Wonderwall \u2013 Oasis<\/li><li>Wouldn\u00b4t it be nice \u2013 Beach Boys<\/li><li>Your Song \u2013 Elton John<\/li><li>You and your Heart \u2013 Jack Johnson<\/li><li>You are the Reason \u2013 Leona Lewis<\/li><li>You raise me up \u2013 Josh Groban<\/li><li>You\u00b4ll never walk alone \u2013 Gerry &amp; the Pacemakers<\/li><li>Yours \u2013 Ella Henderson<\/li><li>You\u00b4ve got the Love \u2013 Florence and the Maschine<\/li><\/ul>\t\t\t\t\t\t\t\t<\/div>\n\t\t\t\t<\/div>\n\t\t\t\t\t<\/div>\n\t\t<\/div>\n\t\t\t\t<div class=\"elementor-column elementor-col-50 elementor-top-column elementor-element elementor-element-faf1fc5\" data-id=\"faf1fc5\" data-element_type=\"column\" data-e-type=\"column\">\n\t\t\t<div class=\"elementor-widget-wrap elementor-element-populated\">\n\t\t\t\t\t\t<div class=\"elementor-element elementor-element-d11f6c5 elementor-widget elementor-widget-text-editor\" data-id=\"d11f6c5\" data-element_type=\"widget\" data-e-type=\"widget\" data-widget_type=\"text-editor.default\">\n\t\t\t\t<div class=\"elementor-widget-container\">\n\t\t\t\t\t\t\t\t\t<div>\u00a0<\/div><ul><li><span style=\"font-size: 16px; background-color: rgba(199, 197, 175, 0);\">80 Millionen \u2013 Max Giesinger<\/span><\/li><li>An Tagen wie diesen \u2013 Die Toten Hosen<\/li><li>Applaus Applaus \u2013 Sportfreunde Stiller<\/li><li>Auf das Leben \u2013 Jupiter Jones<\/li><li>Auf uns \u2013 Andreas Bourani<\/li><li>Bonnie &amp; Clyde \u2013 Die Toten Hosen<\/li><li>Bonnie &amp; Clyde \u2013 Sarah Conner<\/li><li>Ch\u00f6re \u2013 Mark Foster<\/li><li>Das Beste \u2013 Silbermond<\/li><li>Dir geh\u00f6rt mein Herz \u2013 Phil Collins<\/li><li>Du bist das Licht \u2013 Gregor Meyle<\/li><li>Du f\u00e4ngst mich ein \u2013 Sasha<\/li><li>Ein Teil von meinem Herzen \u2013 Jonathan Zelter<\/li><li>F\u00fcr immer ab jetzt \u2013 Johannes Oerding<\/li><li>Halt dich an mir fest \u2013 Revolverheld<\/li><li>Hier mit dir \u2013 Johannes Oerding<\/li><li>Ich bin bei dir \u2013 Lied zu Psalm 23<\/li><li>Ich f\u00fchl wie du \u2013 Peter Maffay<\/li><li>Ich lass f\u00fcr dich das Licht an \u2013 Revolverheld<\/li><li>Ich und du \u2013 Mark Foster<\/li><li>Ja \u2013 Silbermond<\/li><li>Komm her Segne, dass wir uns nicht trennen<\/li><li>Kompliment \u2013 Sportfreunde Stiller<\/li><li>Lass es Liebe sein \u2013 Rosenstolz<\/li><li>Lass mich nie mehr los \u2013 Sportfreunde Stiller<\/li><li>Liebe auf Distanz \u2013 Revolverheld<\/li><li>Liebe meines Lebens \u2013 Phillip Poisel<\/li><li>Lieblingsmensch \u2013 Namika<\/li><li>Sag einfach Ja \u2013 Tim Bendsko<\/li><li>Sag nur ein Wort \u2013 Bakusshan<\/li><li>Seite an Seite \u2013 Christina St\u00fcrmer<\/li><li>So soll es bleiben \u2013 Ich + Ich (normale Version und Hochzeitsversion)<\/li><li>So und nicht anders \u2013 Dennis Link<\/li><li>Unser Tag \u2013 Helene Fischer<\/li><li>Was immer du willst \u2013 Marlon<\/li><li>Wer, wenn nicht wir \u2013 Vincent Weiss<\/li><li>Wie sch\u00f6n du bist \u2013 Sarah Conner<\/li><li>Willst du mich f\u00fcr Immer \u2013 Michelle<\/li><li>Zuhause \u2013 Fynn Kliemann<\/li><li>\u00dcbermorgen \u2013 Mark Foster<\/li><\/ul>\t\t\t\t\t\t\t\t<\/div>\n\t\t\t\t<\/div>\n\t\t\t\t\t<\/div>\n\t\t<\/div>\n\t\t\t\t\t<\/div>\n\t\t<\/section>\n\t\t\t\t<\/div>\n\t\t","protected":false},"excerpt":{"rendered":"<p>Hier findet ihr englische und deutsche Songs, die ich bereits an Hochzeiten gesungen habe. Das Repertoire wird stetig erweitert. Das Repertoire f\u00fcr Taufsongs kann ich euch gerne gesondert zukommen lassen. Viel Spa\u00df beim St\u00f6bern! \u00a0 A Million Dreams \u2013 The Greatest Showman A Moment like this \u2013 Kelly Clarkson A thousand Miles \u2013 Vanessa Carlton [&hellip;]<\/p>\n","protected":false},"author":1,"featured_media":0,"parent":0,"menu_order":0,"comment_status":"closed","ping_status":"closed","template":"","meta":{"ocean_post_layout":"","ocean_both_sidebars_style":"","ocean_both_sidebars_content_width":0,"ocean_both_sidebars_sidebars_width":0,"ocean_sidebar":"0","ocean_second_sidebar":"0","ocean_disable_margins":"enable","ocean_add_body_class":"","ocean_shortcode_before_top_bar":"","ocean_shortcode_after_top_bar":"","ocean_shortcode_before_header":"","ocean_shortcode_after_header":"","ocean_has_shortcode":"","ocean_shortcode_after_title":"","ocean_shortcode_before_footer_widgets":"","ocean_shortcode_after_footer_widgets":"","ocean_shortcode_before_footer_bottom":"","ocean_shortcode_after_footer_bottom":"","ocean_display_top_bar":"default","ocean_display_header":"default","ocean_header_style":"","ocean_center_header_left_menu":"0","ocean_custom_header_template":"0","ocean_custom_logo":0,"ocean_custom_retina_logo":0,"ocean_custom_logo_max_width":0,"ocean_custom_logo_tablet_max_width":0,"ocean_custom_logo_mobile_max_width":0,"ocean_custom_logo_max_height":0,"ocean_custom_logo_tablet_max_height":0,"ocean_custom_logo_mobile_max_height":0,"ocean_header_custom_menu":"0","ocean_menu_typo_font_family":"0","ocean_menu_typo_font_subset":"","ocean_menu_typo_font_size":0,"ocean_menu_typo_font_size_tablet":0,"ocean_menu_typo_font_size_mobile":0,"ocean_menu_typo_font_size_unit":"px","ocean_menu_typo_font_weight":"","ocean_menu_typo_font_weight_tablet":"","ocean_menu_typo_font_weight_mobile":"","ocean_menu_typo_transform":"","ocean_menu_typo_transform_tablet":"","ocean_menu_typo_transform_mobile":"","ocean_menu_typo_line_height":0,"ocean_menu_typo_line_height_tablet":0,"ocean_menu_typo_line_height_mobile":0,"ocean_menu_typo_line_height_unit":"","ocean_menu_typo_spacing":0,"ocean_menu_typo_spacing_tablet":0,"ocean_menu_typo_spacing_mobile":0,"ocean_menu_typo_spacing_unit":"","ocean_menu_link_color":"","ocean_menu_link_color_hover":"","ocean_menu_link_color_active":"","ocean_menu_link_background":"","ocean_menu_link_hover_background":"","ocean_menu_link_active_background":"","ocean_menu_social_links_bg":"","ocean_menu_social_hover_links_bg":"","ocean_menu_social_links_color":"","ocean_menu_social_hover_links_color":"","ocean_disable_title":"on","ocean_disable_heading":"default","ocean_post_title":"","ocean_post_subheading":"","ocean_post_title_style":"","ocean_post_title_background_color":"","ocean_post_title_background":0,"ocean_post_title_bg_image_position":"","ocean_post_title_bg_image_attachment":"","ocean_post_title_bg_image_repeat":"","ocean_post_title_bg_image_size":"","ocean_post_title_height":0,"ocean_post_title_bg_overlay":0.5,"ocean_post_title_bg_overlay_color":"","ocean_disable_breadcrumbs":"default","ocean_breadcrumbs_color":"","ocean_breadcrumbs_separator_color":"","ocean_breadcrumbs_links_color":"","ocean_breadcrumbs_links_hover_color":"","ocean_display_footer_widgets":"off","ocean_display_footer_bottom":"default","ocean_custom_footer_template":"0","footnotes":""},"class_list":["post-16","page","type-page","status-publish","hentry","entry"],"yoast_head":"<!-- This site is optimized with the Yoast SEO plugin v27.3 - https:\/\/yoast.com\/product\/yoast-seo-wordpress\/ -->\n<title>Repertoire - Jana Urbanus<\/title>\n<meta name=\"robots\" content=\"index, follow, max-snippet:-1, max-image-preview:large, max-video-preview:-1\" \/>\n<link rel=\"canonical\" href=\"https:\/\/jana-urbanus.de\/?page_id=16\" \/>\n<meta property=\"og:locale\" content=\"de_DE\" \/>\n<meta property=\"og:type\" content=\"article\" \/>\n<meta property=\"og:title\" content=\"Repertoire - Jana Urbanus\" \/>\n<meta property=\"og:description\" content=\"Hier findet ihr englische und deutsche Songs, die ich bereits an Hochzeiten gesungen habe. Das Repertoire wird stetig erweitert. Das Repertoire f\u00fcr Taufsongs kann ich euch gerne gesondert zukommen lassen. Viel Spa\u00df beim St\u00f6bern! \u00a0 A Million Dreams \u2013 The Greatest Showman A Moment like this \u2013 Kelly Clarkson A thousand Miles \u2013 Vanessa Carlton [&hellip;]\" \/>\n<meta property=\"og:url\" content=\"https:\/\/jana-urbanus.de\/?page_id=16\" \/>\n<meta property=\"og:site_name\" content=\"Jana Urbanus\" \/>\n<meta property=\"article:modified_time\" content=\"2021-10-25T08:27:32+00:00\" \/>\n<meta property=\"og:image\" content=\"https:\/\/jana-urbanus.de\/wp-content\/uploads\/2021\/09\/Repertoire1-300x79.png\" \/>\n<meta name=\"twitter:card\" content=\"summary_large_image\" \/>\n<meta name=\"twitter:label1\" content=\"Gesch\u00e4tzte Lesezeit\" \/>\n\t<meta name=\"twitter:data1\" content=\"3\u00a0Minuten\" \/>\n<script type=\"application\/ld+json\" class=\"yoast-schema-graph\">{\"@context\":\"https:\\\/\\\/schema.org\",\"@graph\":[{\"@type\":\"WebPage\",\"@id\":\"https:\\\/\\\/jana-urbanus.de\\\/?page_id=16\",\"url\":\"https:\\\/\\\/jana-urbanus.de\\\/?page_id=16\",\"name\":\"Repertoire - Jana Urbanus\",\"isPartOf\":{\"@id\":\"https:\\\/\\\/jana-urbanus.de\\\/#website\"},\"primaryImageOfPage\":{\"@id\":\"https:\\\/\\\/jana-urbanus.de\\\/?page_id=16#primaryimage\"},\"image\":{\"@id\":\"https:\\\/\\\/jana-urbanus.de\\\/?page_id=16#primaryimage\"},\"thumbnailUrl\":\"https:\\\/\\\/jana-urbanus.de\\\/wp-content\\\/uploads\\\/2021\\\/09\\\/Repertoire1-300x79.png\",\"datePublished\":\"2021-09-29T07:11:08+00:00\",\"dateModified\":\"2021-10-25T08:27:32+00:00\",\"breadcrumb\":{\"@id\":\"https:\\\/\\\/jana-urbanus.de\\\/?page_id=16#breadcrumb\"},\"inLanguage\":\"de\",\"potentialAction\":[{\"@type\":\"ReadAction\",\"target\":[\"https:\\\/\\\/jana-urbanus.de\\\/?page_id=16\"]}]},{\"@type\":\"ImageObject\",\"inLanguage\":\"de\",\"@id\":\"https:\\\/\\\/jana-urbanus.de\\\/?page_id=16#primaryimage\",\"url\":\"https:\\\/\\\/jana-urbanus.de\\\/wp-content\\\/uploads\\\/2021\\\/09\\\/Repertoire1.png\",\"contentUrl\":\"https:\\\/\\\/jana-urbanus.de\\\/wp-content\\\/uploads\\\/2021\\\/09\\\/Repertoire1.png\",\"width\":1232,\"height\":324},{\"@type\":\"BreadcrumbList\",\"@id\":\"https:\\\/\\\/jana-urbanus.de\\\/?page_id=16#breadcrumb\",\"itemListElement\":[{\"@type\":\"ListItem\",\"position\":1,\"name\":\"Startseite\",\"item\":\"https:\\\/\\\/jana-urbanus.de\\\/\"},{\"@type\":\"ListItem\",\"position\":2,\"name\":\"Repertoire\"}]},{\"@type\":\"WebSite\",\"@id\":\"https:\\\/\\\/jana-urbanus.de\\\/#website\",\"url\":\"https:\\\/\\\/jana-urbanus.de\\\/\",\"name\":\"Jana Urbanus\",\"description\":\"Hochzeits- und Events\u00e4ngerin I K\u00fcnstlerin\",\"potentialAction\":[{\"@type\":\"SearchAction\",\"target\":{\"@type\":\"EntryPoint\",\"urlTemplate\":\"https:\\\/\\\/jana-urbanus.de\\\/?s={search_term_string}\"},\"query-input\":{\"@type\":\"PropertyValueSpecification\",\"valueRequired\":true,\"valueName\":\"search_term_string\"}}],\"inLanguage\":\"de\"}]}<\/script>\n<!-- \/ Yoast SEO plugin. -->","yoast_head_json":{"title":"Repertoire - Jana Urbanus","robots":{"index":"index","follow":"follow","max-snippet":"max-snippet:-1","max-image-preview":"max-image-preview:large","max-video-preview":"max-video-preview:-1"},"canonical":"https:\/\/jana-urbanus.de\/?page_id=16","og_locale":"de_DE","og_type":"article","og_title":"Repertoire - Jana Urbanus","og_description":"Hier findet ihr englische und deutsche Songs, die ich bereits an Hochzeiten gesungen habe. Das Repertoire wird stetig erweitert. Das Repertoire f\u00fcr Taufsongs kann ich euch gerne gesondert zukommen lassen. Viel Spa\u00df beim St\u00f6bern! \u00a0 A Million Dreams \u2013 The Greatest Showman A Moment like this \u2013 Kelly Clarkson A thousand Miles \u2013 Vanessa Carlton [&hellip;]","og_url":"https:\/\/jana-urbanus.de\/?page_id=16","og_site_name":"Jana Urbanus","article_modified_time":"2021-10-25T08:27:32+00:00","og_image":[{"url":"https:\/\/jana-urbanus.de\/wp-content\/uploads\/2021\/09\/Repertoire1-300x79.png","type":"","width":"","height":""}],"twitter_card":"summary_large_image","twitter_misc":{"Gesch\u00e4tzte Lesezeit":"3\u00a0Minuten"},"schema":{"@context":"https:\/\/schema.org","@graph":[{"@type":"WebPage","@id":"https:\/\/jana-urbanus.de\/?page_id=16","url":"https:\/\/jana-urbanus.de\/?page_id=16","name":"Repertoire - Jana Urbanus","isPartOf":{"@id":"https:\/\/jana-urbanus.de\/#website"},"primaryImageOfPage":{"@id":"https:\/\/jana-urbanus.de\/?page_id=16#primaryimage"},"image":{"@id":"https:\/\/jana-urbanus.de\/?page_id=16#primaryimage"},"thumbnailUrl":"https:\/\/jana-urbanus.de\/wp-content\/uploads\/2021\/09\/Repertoire1-300x79.png","datePublished":"2021-09-29T07:11:08+00:00","dateModified":"2021-10-25T08:27:32+00:00","breadcrumb":{"@id":"https:\/\/jana-urbanus.de\/?page_id=16#breadcrumb"},"inLanguage":"de","potentialAction":[{"@type":"ReadAction","target":["https:\/\/jana-urbanus.de\/?page_id=16"]}]},{"@type":"ImageObject","inLanguage":"de","@id":"https:\/\/jana-urbanus.de\/?page_id=16#primaryimage","url":"https:\/\/jana-urbanus.de\/wp-content\/uploads\/2021\/09\/Repertoire1.png","contentUrl":"https:\/\/jana-urbanus.de\/wp-content\/uploads\/2021\/09\/Repertoire1.png","width":1232,"height":324},{"@type":"BreadcrumbList","@id":"https:\/\/jana-urbanus.de\/?page_id=16#breadcrumb","itemListElement":[{"@type":"ListItem","position":1,"name":"Startseite","item":"https:\/\/jana-urbanus.de\/"},{"@type":"ListItem","position":2,"name":"Repertoire"}]},{"@type":"WebSite","@id":"https:\/\/jana-urbanus.de\/#website","url":"https:\/\/jana-urbanus.de\/","name":"Jana Urbanus","description":"Hochzeits- und Events\u00e4ngerin I K\u00fcnstlerin","potentialAction":[{"@type":"SearchAction","target":{"@type":"EntryPoint","urlTemplate":"https:\/\/jana-urbanus.de\/?s={search_term_string}"},"query-input":{"@type":"PropertyValueSpecification","valueRequired":true,"valueName":"search_term_string"}}],"inLanguage":"de"}]}},"_links":{"self":[{"href":"https:\/\/jana-urbanus.de\/index.php?rest_route=\/wp\/v2\/pages\/16","targetHints":{"allow":["GET"]}}],"collection":[{"href":"https:\/\/jana-urbanus.de\/index.php?rest_route=\/wp\/v2\/pages"}],"about":[{"href":"https:\/\/jana-urbanus.de\/index.php?rest_route=\/wp\/v2\/types\/page"}],"author":[{"embeddable":true,"href":"https:\/\/jana-urbanus.de\/index.php?rest_route=\/wp\/v2\/users\/1"}],"replies":[{"embeddable":true,"href":"https:\/\/jana-urbanus.de\/index.php?rest_route=%2Fwp%2Fv2%2Fcomments&post=16"}],"version-history":[{"count":17,"href":"https:\/\/jana-urbanus.de\/index.php?rest_route=\/wp\/v2\/pages\/16\/revisions"}],"predecessor-version":[{"id":374,"href":"https:\/\/jana-urbanus.de\/index.php?rest_route=\/wp\/v2\/pages\/16\/revisions\/374"}],"wp:attachment":[{"href":"https:\/\/jana-urbanus.de\/index.php?rest_route=%2Fwp%2Fv2%2Fmedia&parent=16"}],"curies":[{"name":"wp","href":"https:\/\/api.w.org\/{rel}","templated":true}]}}